{"id":148,"date":"2020-11-10T11:54:55","date_gmt":"2020-11-10T10:54:55","guid":{"rendered":"http:\/\/ap.sciencespo-lille.eu\/?page_id=148"},"modified":"2020-12-16T12:33:52","modified_gmt":"2020-12-16T11:33:52","slug":"faq","status":"publish","type":"page","link":"https:\/\/ap.sciencespo-lille.eu\/?page_id=148","title":{"rendered":"FAQ"},"content":{"rendered":"\n<h2 class=\"has-text-align-center wp-block-heading\">Foire aux Questions<\/h2>\n\n\n\n<div class=\"wp-block-image\"><figure class=\"aligncenter size-large is-resized\"><img decoding=\"async\" src=\"http:\/\/ap.sciencespo-lille.eu\/wp-content\/uploads\/2020\/12\/Sans-titre-4.png\" alt=\"\" class=\"wp-image-480\" width=\"150\" height=\"150\" srcset=\"https:\/\/ap.sciencespo-lille.eu\/wp-content\/uploads\/2020\/12\/Sans-titre-4.png 500w, https:\/\/ap.sciencespo-lille.eu\/wp-content\/uploads\/2020\/12\/Sans-titre-4-300x300.png 300w, https:\/\/ap.sciencespo-lille.eu\/wp-content\/uploads\/2020\/12\/Sans-titre-4-150x150.png 150w\" sizes=\"(max-width: 150px) 100vw, 150px\" \/><\/figure><\/div>\n\n\n\n<p><\/p>\n\n\n\n<p class=\"has-black-color has-text-color has-medium-font-size\"><strong>Peut-on acc\u00e9der \u00e0 la majeure AP directement en 5<sup>\u00e8me<\/sup> ann\u00e9e (niveau M2) ?&nbsp;<\/strong><\/p>\n\n\n\n<p>Non, il n&rsquo;est pas possible d&rsquo;acc\u00e9der \u00e0 la majeure AP directement en 5<sup>\u00e8me<\/sup> ann\u00e9e. L&rsquo;admission dans la formation ne peut se faire qu&rsquo;au niveau M1, en r\u00e9ussissant le concours d&rsquo;entr\u00e9e directe en 4<sup>\u00e8me<\/sup> ann\u00e9e de Sciences Po Lille (voir&nbsp;<a rel=\"noreferrer noopener\" href=\"http:\/\/www.sciencespo-lille.eu\/integrer\/les-procedures-dadmission\" target=\"_blank\"><strong>ici<\/strong><\/a>). <\/p>\n\n\n\n<p>Une exception toutefois : les \u00e9tudiantes et \u00e9tudiants des autres IEP du R\u00e9seau ScPo, peuvent,&nbsp;<em>via&nbsp;<\/em>une demande de mutualisation, rejoindre la majeure en 5<sup>\u00e8me<\/sup> ann\u00e9e (sous r\u00e9serve d&rsquo;acceptation par le directeur de la formation).<\/p>\n\n\n\n<div style=\"height:20px\" aria-hidden=\"true\" class=\"wp-block-spacer\"><\/div>\n\n\n\n<p class=\"has-black-color has-text-color has-medium-font-size\"><strong>La majeure AP est-elle ouverte \u00e0 l&rsquo;alternance ?&nbsp;<\/strong><\/p>\n\n\n\n<p>Non, cette majeure n&rsquo;est pas ouverte \u00e0 l&rsquo;alternance. Lors de la cinqui\u00e8me ann\u00e9e (niveau M2), les \u00e9tudiantes et \u00e9tudiants ont l&rsquo;obligation de r\u00e9aliser un stage de fin d&rsquo;\u00e9tudes de 6 mois, entre les mois de janvier et septembre.<\/p>\n\n\n\n<div style=\"height:20px\" aria-hidden=\"true\" class=\"wp-block-spacer\"><\/div>\n\n\n\n<p><\/p>\n\n\n\n<p class=\"has-black-color has-text-color has-medium-font-size\"><strong>Est-il possible de faire son stage \u00e0 l&rsquo;\u00e9tranger ?<\/strong><\/p>\n\n\n\n<p>Oui, il est tout \u00e0 fait possible de r\u00e9aliser son stage en dehors de la France. Attention toutefois aux conditions de gratification (r\u00e9mun\u00e9rations), qui ne sont pas garanties par la loi dans les autres pays.<\/p>\n\n\n\n<div style=\"height:20px\" aria-hidden=\"true\" class=\"wp-block-spacer\"><\/div>\n\n\n\n<p><\/p>\n\n\n\n<p class=\"has-black-color has-text-color has-medium-font-size\"><strong>Peut-on faire un stage en 4<sup>\u00e8me<\/sup> ann\u00e9e (niveau M1) ?<\/strong><\/p>\n\n\n\n<p>Oui, il est possible de r\u00e9aliser un stage optionnel \u00e0 la fin de la quatri\u00e8me ann\u00e9e, une fois le m\u00e9moire soutenu et les examens termin\u00e9s (entre les mois de mai et ao\u00fbt). Ce stage \u00e9tant optionnel, il n&rsquo;est pas associ\u00e9 \u00e0 des ECTS et ne n\u00e9cessite pas la production d&rsquo;un rapport, \u00e0 la diff\u00e9rence du stage obligatoire de 5<sup>\u00e8me<\/sup> ann\u00e9e.<\/p>\n\n\n\n<div style=\"height:20px\" aria-hidden=\"true\" class=\"wp-block-spacer\"><\/div>\n\n\n\n<p><\/p>\n\n\n\n<p class=\"has-black-color has-text-color has-medium-font-size\"><strong>Quelles sont les comp\u00e9tences \u00e9valu\u00e9es durant l&rsquo;oral d&rsquo;admission ? Des pr\u00e9requis sont-ils exig\u00e9s pour int\u00e9grer la majeure ?<\/strong><\/p>\n\n\n\n<p>L&rsquo;objectif premier de cet entretien est de v\u00e9rifier l&rsquo;ad\u00e9quation de votre projet professionnel avec l&rsquo;identit\u00e9 de la formation et ses d\u00e9bouch\u00e9s. Il est aussi attendu des candidates et des candidats qu&rsquo;ils et elles s&rsquo;int\u00e9ressent \u00e0 l&rsquo;actualit\u00e9 administrative et juridique, mais pas seulement. Les (futurs) \u00e9tudiants et \u00e9tudiantes de Sciences Po doivent avoir une vraie curiosit\u00e9 sur le monde qui les entoure ! Le jury peut ainsi ouvrir une discussion sur l&rsquo;actualit\u00e9 du moment. S&rsquo;il ne s&rsquo;agit pas d&rsquo;un pr\u00e9requis \u00e0 proprement parler, les candidates et candidats doivent t\u00e9moigner \u00e9galement d&rsquo;un r\u00e9el int\u00e9r\u00eat pour l&rsquo;action publique, les m\u00e9tiers de la fonction publique et les m\u00e9tiers publics et priv\u00e9s du droit.<\/p>\n\n\n\n<p>Avoir une exp\u00e9rience dans le monde de la fonction publique (stage, petit boulot, etc.) est un plus, mais n&rsquo;est pas indispensable.\u00a0<\/p>\n\n\n\n<p><\/p>\n","protected":false},"excerpt":{"rendered":"<p>Foire aux Questions Peut-on acc\u00e9der \u00e0 la majeure AP directement en 5\u00e8me ann\u00e9e (niveau M2) ?&nbsp; Non, il n&rsquo;est pas possible d&rsquo;acc\u00e9der \u00e0 la majeure AP directement en 5\u00e8me ann\u00e9e. L&rsquo;admission dans la formation ne peut se faire qu&rsquo;au niveau M1, en r\u00e9ussissant le concours d&rsquo;entr\u00e9e directe en 4\u00e8me ann\u00e9e de Sciences Po Lille (voir&nbsp;ici). [&hellip;]<\/p>\n","protected":false},"author":1,"featured_media":0,"parent":0,"menu_order":0,"comment_status":"closed","ping_status":"closed","template":"","meta":{"_seopress_robots_primary_cat":"","_seopress_titles_title":"","_seopress_titles_desc":"","_seopress_robots_index":"","ocean_post_layout":"","ocean_both_sidebars_style":"","ocean_both_sidebars_content_width":0,"ocean_both_sidebars_sidebars_width":0,"ocean_sidebar":"","ocean_second_sidebar":"","ocean_disable_margins":"enable","ocean_add_body_class":"","ocean_shortcode_before_top_bar":"","ocean_shortcode_after_top_bar":"","ocean_shortcode_before_header":"","ocean_shortcode_after_header":"","ocean_has_shortcode":"","ocean_shortcode_after_title":"","ocean_shortcode_before_footer_widgets":"","ocean_shortcode_after_footer_widgets":"","ocean_shortcode_before_footer_bottom":"","ocean_shortcode_after_footer_bottom":"","ocean_display_top_bar":"default","ocean_display_header":"default","ocean_header_style":"","ocean_center_header_left_menu":"","ocean_custom_header_template":"","ocean_custom_logo":0,"ocean_custom_retina_logo":0,"ocean_custom_logo_max_width":0,"ocean_custom_logo_tablet_max_width":0,"ocean_custom_logo_mobile_max_width":0,"ocean_custom_logo_max_height":0,"ocean_custom_logo_tablet_max_height":0,"ocean_custom_logo_mobile_max_height":0,"ocean_header_custom_menu":"","ocean_menu_typo_font_family":"","ocean_menu_typo_font_subset":"","ocean_menu_typo_font_size":0,"ocean_menu_typo_font_size_tablet":0,"ocean_menu_typo_font_size_mobile":0,"ocean_menu_typo_font_size_unit":"px","ocean_menu_typo_font_weight":"","ocean_menu_typo_font_weight_tablet":"","ocean_menu_typo_font_weight_mobile":"","ocean_menu_typo_transform":"","ocean_menu_typo_transform_tablet":"","ocean_menu_typo_transform_mobile":"","ocean_menu_typo_line_height":0,"ocean_menu_typo_line_height_tablet":0,"ocean_menu_typo_line_height_mobile":0,"ocean_menu_typo_line_height_unit":"","ocean_menu_typo_spacing":0,"ocean_menu_typo_spacing_tablet":0,"ocean_menu_typo_spacing_mobile":0,"ocean_menu_typo_spacing_unit":"","ocean_menu_link_color":"","ocean_menu_link_color_hover":"","ocean_menu_link_color_active":"","ocean_menu_link_background":"","ocean_menu_link_hover_background":"","ocean_menu_link_active_background":"","ocean_menu_social_links_bg":"","ocean_menu_social_hover_links_bg":"","ocean_menu_social_links_color":"","ocean_menu_social_hover_links_color":"","ocean_disable_title":"default","ocean_disable_heading":"default","ocean_post_title":"","ocean_post_subheading":"","ocean_post_title_style":"","ocean_post_title_background_color":"","ocean_post_title_background":0,"ocean_post_title_bg_image_position":"","ocean_post_title_bg_image_attachment":"","ocean_post_title_bg_image_repeat":"","ocean_post_title_bg_image_size":"","ocean_post_title_height":0,"ocean_post_title_bg_overlay":0.5,"ocean_post_title_bg_overlay_color":"","ocean_disable_breadcrumbs":"default","ocean_breadcrumbs_color":"","ocean_breadcrumbs_separator_color":"","ocean_breadcrumbs_links_color":"","ocean_breadcrumbs_links_hover_color":"","ocean_display_footer_widgets":"default","ocean_display_footer_bottom":"default","ocean_custom_footer_template":"","footnotes":""},"class_list":["post-148","page","type-page","status-publish","hentry","entry"],"_links":{"self":[{"href":"https:\/\/ap.sciencespo-lille.eu\/index.php?rest_route=\/wp\/v2\/pages\/148","targetHints":{"allow":["GET"]}}],"collection":[{"href":"https:\/\/ap.sciencespo-lille.eu\/index.php?rest_route=\/wp\/v2\/pages"}],"about":[{"href":"https:\/\/ap.sciencespo-lille.eu\/index.php?rest_route=\/wp\/v2\/types\/page"}],"author":[{"embeddable":true,"href":"https:\/\/ap.sciencespo-lille.eu\/index.php?rest_route=\/wp\/v2\/users\/1"}],"replies":[{"embeddable":true,"href":"https:\/\/ap.sciencespo-lille.eu\/index.php?rest_route=%2Fwp%2Fv2%2Fcomments&post=148"}],"version-history":[{"count":25,"href":"https:\/\/ap.sciencespo-lille.eu\/index.php?rest_route=\/wp\/v2\/pages\/148\/revisions"}],"predecessor-version":[{"id":624,"href":"https:\/\/ap.sciencespo-lille.eu\/index.php?rest_route=\/wp\/v2\/pages\/148\/revisions\/624"}],"wp:attachment":[{"href":"https:\/\/ap.sciencespo-lille.eu\/index.php?rest_route=%2Fwp%2Fv2%2Fmedia&parent=148"}],"curies":[{"name":"wp","href":"https:\/\/api.w.org\/{rel}","templated":true}]}}