{"id":53,"date":"2020-10-31T16:21:08","date_gmt":"2020-10-31T15:21:08","guid":{"rendered":"http:\/\/ap.sciencespo-lille.eu\/?page_id=53"},"modified":"2023-12-16T16:07:33","modified_gmt":"2023-12-16T15:07:33","slug":"presentation","status":"publish","type":"page","link":"https:\/\/ap.sciencespo-lille.eu\/","title":{"rendered":"Pr\u00e9sentation de la majeure Affaires Publiques"},"content":{"rendered":"\n<p class=\"has-text-align-left\">Bienvenue sur le site de la <strong>majeure Affaires Publiques (AP)<\/strong> de Sciences Po Lille.<\/p>\n\n\n\n<h2 class=\"wp-block-heading\">Objectif de la formation<\/h2>\n\n\n\n<p>La majeure <strong>Affaires Publiques (AP)<\/strong> s\u2019adresse \u00e0 celles et ceux qui veulent comprendre la dynamique de l\u2019action publique dans sa dimension institutionnelle et mat\u00e9rielle ainsi que dans la rencontre entre les acteurs publics et priv\u00e9s, aussi bien \u00e0 l\u2019\u00e9chelle de l\u2019\u00c9tat que dans une perspective internationale ou europ\u00e9enne.<br>Tout en revendiquant une approche pluridisciplinaire qui permet de concilier les diff\u00e9rentes approches d\u2019une m\u00eame question, la majeure Affaires Publiques est structur\u00e9e autour d\u2019un socle juridique important.<br>Elle propose aux \u00e9tudiantes et aux \u00e9tudiants de choisir <strong>deux sp\u00e9cialit\u00e9s parmi trois<\/strong> au Semestre 3, de mani\u00e8re \u00e0 affiner leur projet professionnel avant un dernier semestre de stage : <\/p>\n\n\n\n<ul class=\"wp-block-list\"><li><strong>Finance et politiques \u00e9conomiques<\/strong><\/li><li><strong>Enjeux de s\u00e9curit\u00e9 et de justice<\/strong><\/li><li><strong>Enjeux sanitaires et sociaux<\/strong><\/li><\/ul>\n\n\n\n<p>Il s\u2019agit d\u2019une formation exigeante, qui permet d\u2019acqu\u00e9rir des connaissances et des comp\u00e9tences n\u00e9cessaires \u00e0 l\u2019exercice d\u2019une activit\u00e9 professionnelle dans le secteur public ou priv\u00e9, que celle-ci passe par la r\u00e9ussite aux concours administratifs ou non.<br>La majeure Affaires Publiques ouvre \u00e0 un large \u00e9ventail de carri\u00e8res et d\u2019opportunit\u00e9s.<\/p>\n\n\n\n<hr class=\"wp-block-separator has-text-color has-background is-style-wide\" style=\"background-color:#e1e5e6;color:#e1e5e6\"\/>\n\n\n\n<h2 class=\"wp-block-heading\">Principaux d\u00e9bouch\u00e9s<\/h2>\n\n\n\n<ul class=\"wp-block-list\"><li>Les <strong>m\u00e9tiers de la fonction publique<\/strong>, via la voie des concours (ENA, INET, EHSP, Administrateurs des Assembl\u00e9es, EN3S, IRA Attach\u00e9 territorial, entre autres) ou avec un statut de contractuel, en France, au niveau local et national, mais aussi en Europe.<\/li><li>L\u2019acc\u00e8s \u00e0 une <strong>pr\u00e9paration Grands Concours<\/strong> constitue un d\u00e9bouch\u00e9 naturel pour celles et ceux qui se destinent \u00e0 la Fonction publique.<\/li><li>Le secteur priv\u00e9 en lien direct avec les <strong>Administrations <\/strong>(cabinets de conseil, d&rsquo;audit, entre autres), dans les entreprises prestataires de service aux Collectivit\u00e9s (B\u00e2timent, services) ou sans lien direct avec celles-ci (Assurances, Industries, \u00c9nergie, Culture, Communication).<\/li><li>Les <strong>m\u00e9tiers du droit<\/strong> (Magistrats, Avocats, Concours Police-Justice) sont \u00e9galement accessibles \u00e0 l\u2019issue de cette formation, avec ou sans formation parall\u00e8le et\/ou compl\u00e9mentaire.<\/li><\/ul>\n\n\n\n<hr class=\"wp-block-separator has-text-color has-background is-style-wide\" style=\"background-color:#e0e0e0;color:#e0e0e0\"\/>\n\n\n\n<h2 class=\"has-text-align-left wp-block-heading\">Responsables de la majeure AP<\/h2>\n\n\n\n<div class=\"wp-block-media-text alignwide is-stacked-on-mobile\" style=\"grid-template-columns:32% auto\"><figure class=\"wp-block-media-text__media\"><img fetchpriority=\"high\" decoding=\"async\" width=\"1024\" height=\"1024\" src=\"http:\/\/ap.sciencespo-lille.eu\/wp-content\/uploads\/2020\/12\/AP-photo-rond-1024x1024.png\" alt=\"\" class=\"wp-image-378 size-full\" srcset=\"https:\/\/ap.sciencespo-lille.eu\/wp-content\/uploads\/2020\/12\/AP-photo-rond-1024x1024.png 1024w, https:\/\/ap.sciencespo-lille.eu\/wp-content\/uploads\/2020\/12\/AP-photo-rond-300x300.png 300w, https:\/\/ap.sciencespo-lille.eu\/wp-content\/uploads\/2020\/12\/AP-photo-rond-150x150.png 150w, https:\/\/ap.sciencespo-lille.eu\/wp-content\/uploads\/2020\/12\/AP-photo-rond-768x768.png 768w, https:\/\/ap.sciencespo-lille.eu\/wp-content\/uploads\/2020\/12\/AP-photo-rond.png 1181w\" sizes=\"(max-width: 1024px) 100vw, 1024px\" \/><\/figure><div class=\"wp-block-media-text__content\">\n<p class=\"has-large-font-size\">Simon Fromont<\/p>\n\n\n\n<p><strong>Ma\u00eetre de conf\u00e9rences en droit public<\/strong><\/p>\n\n\n\n<p>Domaines de recherche : contrats publics ; administration \u00e9lectronique ; droit fun\u00e9raire<\/p>\n<\/div><\/div>\n\n\n\n<div style=\"height:22px\" aria-hidden=\"true\" class=\"wp-block-spacer\"><\/div>\n\n\n\n<div class=\"wp-block-media-text alignwide has-media-on-the-right is-stacked-on-mobile\" style=\"grid-template-columns:auto 29%\"><figure class=\"wp-block-media-text__media\"><img decoding=\"async\" width=\"1024\" height=\"1024\" src=\"https:\/\/ap.sciencespo-lille.eu\/wp-content\/uploads\/2023\/12\/Clhoe_Geynet_Dussauze-photo-1024x1024.jpg\" alt=\"\" class=\"wp-image-888 size-full\" srcset=\"https:\/\/ap.sciencespo-lille.eu\/wp-content\/uploads\/2023\/12\/Clhoe_Geynet_Dussauze-photo-1024x1024.jpg 1024w, https:\/\/ap.sciencespo-lille.eu\/wp-content\/uploads\/2023\/12\/Clhoe_Geynet_Dussauze-photo-300x300.jpg 300w, https:\/\/ap.sciencespo-lille.eu\/wp-content\/uploads\/2023\/12\/Clhoe_Geynet_Dussauze-photo-150x150.jpg 150w, https:\/\/ap.sciencespo-lille.eu\/wp-content\/uploads\/2023\/12\/Clhoe_Geynet_Dussauze-photo-768x768.jpg 768w, https:\/\/ap.sciencespo-lille.eu\/wp-content\/uploads\/2023\/12\/Clhoe_Geynet_Dussauze-photo-1536x1536.jpg 1536w, https:\/\/ap.sciencespo-lille.eu\/wp-content\/uploads\/2023\/12\/Clhoe_Geynet_Dussauze-photo-2048x2048.jpg 2048w\" sizes=\"(max-width: 1024px) 100vw, 1024px\" \/><\/figure><div class=\"wp-block-media-text__content\">\n<p class=\"has-text-align-right has-large-font-size\">Chlo\u00eb Geynet-Dussauze<\/p>\n\n\n\n<p class=\"has-text-align-right\"><strong>Ma\u00eetre de conf\u00e9rence en droit public<\/strong><\/p>\n\n\n\n<p class=\"has-text-align-right\">Domaines de recherche : droit constitutionnel ; droit parlementaire ; droit de l&rsquo;environnement ; questions d\u00e9mocratiques<\/p>\n<\/div><\/div>\n\n\n\n<div class=\"wp-block-columns is-layout-flex wp-container-core-columns-is-layout-9d6595d7 wp-block-columns-is-layout-flex\">\n<div class=\"wp-block-column is-layout-flow wp-block-column-is-layout-flow\" style=\"flex-basis:66.66%\">\n<p><\/p>\n<\/div>\n<\/div>\n\n\n\n<div style=\"height:19px\" aria-hidden=\"true\" class=\"wp-block-spacer\"><\/div>\n\n\n\n<h2 class=\"wp-block-heading\">\u00c9dito des responsables de la majeure AP<\/h2>\n\n\n\n<p class=\"has-drop-cap has-text-align-left\">Affaires publiques, deux mots tellement <strong>riches de sens<\/strong> qu&rsquo;il est difficile d&rsquo;en r\u00e9duire la port\u00e9e \u00e0 un simple \u00e9ditorial. <\/p>\n\n\n\n<div style=\"height:20px\" aria-hidden=\"true\" class=\"wp-block-spacer\"><\/div>\n\n\n\n<p class=\"has-text-align-left\">Deux mots qui peuvent, aussi, intimider, brider ou autocensurer lorsque vient le moment du choix.  <\/p>\n\n\n\n<p class=\"has-text-align-left\">Mais deux mots qui sont aussi porteurs de <strong>rigueur, d&rsquo;innovation et d&rsquo;\u00e9thique<\/strong>.<\/p>\n\n\n\n<p class=\"has-text-align-left\">Et surtout deux mots qui sont tr\u00e8s repr\u00e9sentatifs \u00e0 la fois d&rsquo;un \u00e9tat d&rsquo;esprit et d&rsquo;une fonction qui vont animer la formation.<\/p>\n\n\n\n<p class=\"has-text-align-left\">L&rsquo;\u00e9tat d&rsquo;esprit tout d&rsquo;abord pour celles et ceux qui aspirent \u00e0 <strong>comprendre la chose publique<\/strong>, soit parce qu&rsquo;ils comptent la servir, soit parce qu&rsquo;ils veulent la comprendre pour en retirer un cadre de formation.<\/p>\n\n\n\n<p class=\"has-text-align-left\">La fonction, ensuite, puisqu&rsquo;il s&rsquo;agit d&rsquo;offrir \u00e0 celles et ceux qui y participent, des potentialit\u00e9s d&rsquo;insertion, au gr\u00e9 de leurs envies : concours administratifs, \u00e9videmment, mais pas que. Le Master Affaires publiques accueille celles et ceux qui ambitionnent disposer d&rsquo;une <strong>formation d&rsquo;excellence et pratique.<\/strong><\/p>\n\n\n\n<p class=\"has-text-align-left\">Au-del\u00e0 de cette derni\u00e8re ambition, cette formation offre une <strong>pluridisciplinarit\u00e9 adapt\u00e9e aux enjeux des affaires publiques<\/strong>, tout en offrant un <strong>cadre de sp\u00e9cialisation<\/strong>. Le stage vient donc cl\u00f4turer le cycle, apr\u00e8s d\u00e9termination d&rsquo;une d\u00e9marche d&rsquo;insertion qu&rsquo;il a pr\u00e9cis\u00e9ment pour objet de faciliter. Celui-ci peut s&rsquo;accomplir aussi bien dans une administration que dans une entreprise, en France comme \u00e0 l&rsquo;\u00e9tranger.<\/p>\n\n\n\n<p class=\"has-text-align-left\">Affaires publiques, c&rsquo;est surtout <strong>ouvrir les possibles et de d\u00e9velopper un esprit critique<\/strong>. Rejoindre le cycle de formation en Affaires publiques, c&rsquo;est donc rejoindre une d\u00e9marche qui consiste \u00e0 s&rsquo;int\u00e9resser et s&rsquo;interroger sur le fonctionnement du syst\u00e8me de gouvernance de l&rsquo;Etat, tout en l&rsquo;\u00e9largissant largement \u00e0 l&rsquo;Union Europ\u00e9enne.<\/p>\n\n\n\n<p class=\"has-text-align-center\"><strong>Comprendre pour penser l&rsquo;action publique, tel est notre objectif. <\/strong><\/p>\n\n\n\n<p class=\"has-text-align-right\"><strong>Simon Fromont, <strong>Chlo\u00eb Geynet-Dussauze<\/strong><\/strong><\/p>\n","protected":false},"excerpt":{"rendered":"<p>Bienvenue sur le site de la majeure Affaires Publiques (AP) de Sciences Po Lille. Objectif de la formation La majeure Affaires Publiques (AP) s\u2019adresse \u00e0 celles et ceux qui veulent comprendre la dynamique de l\u2019action publique dans sa dimension institutionnelle et mat\u00e9rielle ainsi que dans la rencontre entre les acteurs publics et priv\u00e9s, aussi bien [&hellip;]<\/p>\n","protected":false},"author":1,"featured_media":0,"parent":0,"menu_order":0,"comment_status":"closed","ping_status":"closed","template":"","meta":{"_seopress_robots_primary_cat":"","_seopress_titles_title":"","_seopress_titles_desc":"","_seopress_robots_index":"","ocean_post_layout":"","ocean_both_sidebars_style":"","ocean_both_sidebars_content_width":0,"ocean_both_sidebars_sidebars_width":0,"ocean_sidebar":"0","ocean_second_sidebar":"0","ocean_disable_margins":"enable","ocean_add_body_class":"","ocean_shortcode_before_top_bar":"","ocean_shortcode_after_top_bar":"","ocean_shortcode_before_header":"","ocean_shortcode_after_header":"","ocean_has_shortcode":"","ocean_shortcode_after_title":"","ocean_shortcode_before_footer_widgets":"","ocean_shortcode_after_footer_widgets":"","ocean_shortcode_before_footer_bottom":"","ocean_shortcode_after_footer_bottom":"","ocean_display_top_bar":"default","ocean_display_header":"default","ocean_header_style":"","ocean_center_header_left_menu":"0","ocean_custom_header_template":"0","ocean_custom_logo":0,"ocean_custom_retina_logo":0,"ocean_custom_logo_max_width":0,"ocean_custom_logo_tablet_max_width":0,"ocean_custom_logo_mobile_max_width":0,"ocean_custom_logo_max_height":0,"ocean_custom_logo_tablet_max_height":0,"ocean_custom_logo_mobile_max_height":0,"ocean_header_custom_menu":"0","ocean_menu_typo_font_family":"0","ocean_menu_typo_font_subset":"","ocean_menu_typo_font_size":0,"ocean_menu_typo_font_size_tablet":0,"ocean_menu_typo_font_size_mobile":0,"ocean_menu_typo_font_size_unit":"px","ocean_menu_typo_font_weight":"","ocean_menu_typo_font_weight_tablet":"","ocean_menu_typo_font_weight_mobile":"","ocean_menu_typo_transform":"","ocean_menu_typo_transform_tablet":"","ocean_menu_typo_transform_mobile":"","ocean_menu_typo_line_height":0,"ocean_menu_typo_line_height_tablet":0,"ocean_menu_typo_line_height_mobile":0,"ocean_menu_typo_line_height_unit":"","ocean_menu_typo_spacing":0,"ocean_menu_typo_spacing_tablet":0,"ocean_menu_typo_spacing_mobile":0,"ocean_menu_typo_spacing_unit":"","ocean_menu_link_color":"","ocean_menu_link_color_hover":"","ocean_menu_link_color_active":"","ocean_menu_link_background":"","ocean_menu_link_hover_background":"","ocean_menu_link_active_background":"","ocean_menu_social_links_bg":"","ocean_menu_social_hover_links_bg":"","ocean_menu_social_links_color":"","ocean_menu_social_hover_links_color":"","ocean_disable_title":"default","ocean_disable_heading":"default","ocean_post_title":"","ocean_post_subheading":"","ocean_post_title_style":"","ocean_post_title_background_color":"","ocean_post_title_background":0,"ocean_post_title_bg_image_position":"","ocean_post_title_bg_image_attachment":"","ocean_post_title_bg_image_repeat":"","ocean_post_title_bg_image_size":"","ocean_post_title_height":0,"ocean_post_title_bg_overlay":0.5,"ocean_post_title_bg_overlay_color":"","ocean_disable_breadcrumbs":"default","ocean_breadcrumbs_color":"","ocean_breadcrumbs_separator_color":"","ocean_breadcrumbs_links_color":"","ocean_breadcrumbs_links_hover_color":"","ocean_display_footer_widgets":"default","ocean_display_footer_bottom":"default","ocean_custom_footer_template":"0","footnotes":""},"class_list":["post-53","page","type-page","status-publish","hentry","entry"],"_links":{"self":[{"href":"https:\/\/ap.sciencespo-lille.eu\/index.php?rest_route=\/wp\/v2\/pages\/53","targetHints":{"allow":["GET"]}}],"collection":[{"href":"https:\/\/ap.sciencespo-lille.eu\/index.php?rest_route=\/wp\/v2\/pages"}],"about":[{"href":"https:\/\/ap.sciencespo-lille.eu\/index.php?rest_route=\/wp\/v2\/types\/page"}],"author":[{"embeddable":true,"href":"https:\/\/ap.sciencespo-lille.eu\/index.php?rest_route=\/wp\/v2\/users\/1"}],"replies":[{"embeddable":true,"href":"https:\/\/ap.sciencespo-lille.eu\/index.php?rest_route=%2Fwp%2Fv2%2Fcomments&post=53"}],"version-history":[{"count":66,"href":"https:\/\/ap.sciencespo-lille.eu\/index.php?rest_route=\/wp\/v2\/pages\/53\/revisions"}],"predecessor-version":[{"id":905,"href":"https:\/\/ap.sciencespo-lille.eu\/index.php?rest_route=\/wp\/v2\/pages\/53\/revisions\/905"}],"wp:attachment":[{"href":"https:\/\/ap.sciencespo-lille.eu\/index.php?rest_route=%2Fwp%2Fv2%2Fmedia&parent=53"}],"curies":[{"name":"wp","href":"https:\/\/api.w.org\/{rel}","templated":true}]}}