{"id":89,"date":"2020-10-31T17:00:49","date_gmt":"2020-10-31T16:00:49","guid":{"rendered":"http:\/\/ap.sciencespo-lille.eu\/?page_id=89"},"modified":"2025-12-08T13:34:47","modified_gmt":"2025-12-08T12:34:47","slug":"les-cours-en-master-1","status":"publish","type":"page","link":"https:\/\/ap.sciencespo-lille.eu\/?page_id=89","title":{"rendered":"Les cours en cycle master"},"content":{"rendered":"\n<h2 class=\"wp-block-heading\">La maquette<\/h2>\n\n\n<div class=\"wp-block-image is-resized\">\n<figure class=\"aligncenter size-full\"><img fetchpriority=\"high\" decoding=\"async\" width=\"1546\" height=\"1090\" src=\"https:\/\/ap.sciencespo-lille.eu\/wp-content\/uploads\/2025\/12\/Capture-decran-2025-12-08-a-13.30.13.png\" alt=\"\" class=\"wp-image-941\" srcset=\"https:\/\/ap.sciencespo-lille.eu\/wp-content\/uploads\/2025\/12\/Capture-decran-2025-12-08-a-13.30.13.png 1546w, https:\/\/ap.sciencespo-lille.eu\/wp-content\/uploads\/2025\/12\/Capture-decran-2025-12-08-a-13.30.13-300x212.png 300w, https:\/\/ap.sciencespo-lille.eu\/wp-content\/uploads\/2025\/12\/Capture-decran-2025-12-08-a-13.30.13-1024x722.png 1024w, https:\/\/ap.sciencespo-lille.eu\/wp-content\/uploads\/2025\/12\/Capture-decran-2025-12-08-a-13.30.13-768x541.png 768w, https:\/\/ap.sciencespo-lille.eu\/wp-content\/uploads\/2025\/12\/Capture-decran-2025-12-08-a-13.30.13-1536x1083.png 1536w\" sizes=\"(max-width: 1546px) 100vw, 1546px\" \/><\/figure><\/div>\n\n\n<p><\/p>\n\n\n<div class=\"wp-block-image is-resized\">\n<figure class=\"aligncenter size-full\"><img decoding=\"async\" width=\"1546\" height=\"1162\" src=\"https:\/\/ap.sciencespo-lille.eu\/wp-content\/uploads\/2025\/12\/Capture-decran-2025-12-08-a-13.30.22.png\" alt=\"\" class=\"wp-image-942\" srcset=\"https:\/\/ap.sciencespo-lille.eu\/wp-content\/uploads\/2025\/12\/Capture-decran-2025-12-08-a-13.30.22.png 1546w, https:\/\/ap.sciencespo-lille.eu\/wp-content\/uploads\/2025\/12\/Capture-decran-2025-12-08-a-13.30.22-300x225.png 300w, https:\/\/ap.sciencespo-lille.eu\/wp-content\/uploads\/2025\/12\/Capture-decran-2025-12-08-a-13.30.22-1024x770.png 1024w, https:\/\/ap.sciencespo-lille.eu\/wp-content\/uploads\/2025\/12\/Capture-decran-2025-12-08-a-13.30.22-768x577.png 768w, https:\/\/ap.sciencespo-lille.eu\/wp-content\/uploads\/2025\/12\/Capture-decran-2025-12-08-a-13.30.22-1536x1154.png 1536w\" sizes=\"(max-width: 1546px) 100vw, 1546px\" \/><\/figure><\/div>\n\n\n<p><\/p>\n\n\n<div class=\"wp-block-image is-resized\">\n<figure class=\"aligncenter size-full\"><img decoding=\"async\" width=\"1096\" height=\"1066\" src=\"https:\/\/ap.sciencespo-lille.eu\/wp-content\/uploads\/2025\/12\/Capture-decran-2025-12-08-a-13.33.07.png\" alt=\"\" class=\"wp-image-943\" srcset=\"https:\/\/ap.sciencespo-lille.eu\/wp-content\/uploads\/2025\/12\/Capture-decran-2025-12-08-a-13.33.07.png 1096w, https:\/\/ap.sciencespo-lille.eu\/wp-content\/uploads\/2025\/12\/Capture-decran-2025-12-08-a-13.33.07-300x292.png 300w, https:\/\/ap.sciencespo-lille.eu\/wp-content\/uploads\/2025\/12\/Capture-decran-2025-12-08-a-13.33.07-1024x996.png 1024w, https:\/\/ap.sciencespo-lille.eu\/wp-content\/uploads\/2025\/12\/Capture-decran-2025-12-08-a-13.33.07-768x747.png 768w\" sizes=\"(max-width: 1096px) 100vw, 1096px\" \/><\/figure><\/div>\n\n\n<p><\/p>\n\n\n<div class=\"wp-block-image\">\n<figure class=\"aligncenter size-full is-resized\"><img loading=\"lazy\" decoding=\"async\" width=\"1350\" height=\"228\" src=\"https:\/\/ap.sciencespo-lille.eu\/wp-content\/uploads\/2025\/12\/Capture-decran-2025-12-08-a-13.31.08.png\" alt=\"\" class=\"wp-image-944\" style=\"width:778px;height:auto\" srcset=\"https:\/\/ap.sciencespo-lille.eu\/wp-content\/uploads\/2025\/12\/Capture-decran-2025-12-08-a-13.31.08.png 1350w, https:\/\/ap.sciencespo-lille.eu\/wp-content\/uploads\/2025\/12\/Capture-decran-2025-12-08-a-13.31.08-300x51.png 300w, https:\/\/ap.sciencespo-lille.eu\/wp-content\/uploads\/2025\/12\/Capture-decran-2025-12-08-a-13.31.08-1024x173.png 1024w, https:\/\/ap.sciencespo-lille.eu\/wp-content\/uploads\/2025\/12\/Capture-decran-2025-12-08-a-13.31.08-768x130.png 768w\" sizes=\"(max-width: 1350px) 100vw, 1350px\" \/><\/figure><\/div>\n\n\n<div style=\"height:47px\" aria-hidden=\"true\" class=\"wp-block-spacer\"><\/div>\n\n\n\n<p>Dans le cadre de plusieurs cours, des <strong>simulations de proc\u00e8s<\/strong> sont organis\u00e9es entre les \u00e9tudiantes et les \u00e9tudiants de la majeure. Cet exercice, qui place les \u00e9l\u00e8ves tour \u00e0 tour en posture de requ\u00eate et de d\u00e9fense, d\u00e9veloppe des comp\u00e9tences essentielles comme l\u2019\u00e9loquence et l\u2019analyse d\u2019arr\u00eats juridiques. <\/p>\n\n\n\n<p>Les <strong>cours de pr\u00e9paration aux concours administratifs<\/strong> constituent un autre atout majeur de cette formation, favorisant par la suite l\u2019insertion des \u00e9tudiantes et \u00e9tudiants dans la fonction publique.<\/p>\n","protected":false},"excerpt":{"rendered":"<p>La maquette Dans le cadre de plusieurs cours, des simulations de proc\u00e8s sont organis\u00e9es entre les \u00e9tudiantes et les \u00e9tudiants de la majeure. Cet exercice, qui place les \u00e9l\u00e8ves tour \u00e0 tour en posture de requ\u00eate et de d\u00e9fense, d\u00e9veloppe des comp\u00e9tences essentielles comme l\u2019\u00e9loquence et l\u2019analyse d\u2019arr\u00eats juridiques. Les cours de pr\u00e9paration aux concours [&hellip;]<\/p>\n","protected":false},"author":1,"featured_media":0,"parent":0,"menu_order":0,"comment_status":"closed","ping_status":"closed","template":"","meta":{"_seopress_robots_primary_cat":"","_seopress_titles_title":"","_seopress_titles_desc":"","_seopress_robots_index":"","ocean_post_layout":"","ocean_both_sidebars_style":"","ocean_both_sidebars_content_width":0,"ocean_both_sidebars_sidebars_width":0,"ocean_sidebar":"0","ocean_second_sidebar":"0","ocean_disable_margins":"enable","ocean_add_body_class":"","ocean_shortcode_before_top_bar":"","ocean_shortcode_after_top_bar":"","ocean_shortcode_before_header":"","ocean_shortcode_after_header":"","ocean_has_shortcode":"","ocean_shortcode_after_title":"","ocean_shortcode_before_footer_widgets":"","ocean_shortcode_after_footer_widgets":"","ocean_shortcode_before_footer_bottom":"","ocean_shortcode_after_footer_bottom":"","ocean_display_top_bar":"default","ocean_display_header":"default","ocean_header_style":"","ocean_center_header_left_menu":"0","ocean_custom_header_template":"0","ocean_custom_logo":0,"ocean_custom_retina_logo":0,"ocean_custom_logo_max_width":0,"ocean_custom_logo_tablet_max_width":0,"ocean_custom_logo_mobile_max_width":0,"ocean_custom_logo_max_height":0,"ocean_custom_logo_tablet_max_height":0,"ocean_custom_logo_mobile_max_height":0,"ocean_header_custom_menu":"0","ocean_menu_typo_font_family":"0","ocean_menu_typo_font_subset":"","ocean_menu_typo_font_size":0,"ocean_menu_typo_font_size_tablet":0,"ocean_menu_typo_font_size_mobile":0,"ocean_menu_typo_font_size_unit":"px","ocean_menu_typo_font_weight":"","ocean_menu_typo_font_weight_tablet":"","ocean_menu_typo_font_weight_mobile":"","ocean_menu_typo_transform":"","ocean_menu_typo_transform_tablet":"","ocean_menu_typo_transform_mobile":"","ocean_menu_typo_line_height":0,"ocean_menu_typo_line_height_tablet":0,"ocean_menu_typo_line_height_mobile":0,"ocean_menu_typo_line_height_unit":"","ocean_menu_typo_spacing":0,"ocean_menu_typo_spacing_tablet":0,"ocean_menu_typo_spacing_mobile":0,"ocean_menu_typo_spacing_unit":"","ocean_menu_link_color":"","ocean_menu_link_color_hover":"","ocean_menu_link_color_active":"","ocean_menu_link_background":"","ocean_menu_link_hover_background":"","ocean_menu_link_active_background":"","ocean_menu_social_links_bg":"","ocean_menu_social_hover_links_bg":"","ocean_menu_social_links_color":"","ocean_menu_social_hover_links_color":"","ocean_disable_title":"default","ocean_disable_heading":"default","ocean_post_title":"","ocean_post_subheading":"","ocean_post_title_style":"","ocean_post_title_background_color":"","ocean_post_title_background":0,"ocean_post_title_bg_image_position":"","ocean_post_title_bg_image_attachment":"","ocean_post_title_bg_image_repeat":"","ocean_post_title_bg_image_size":"","ocean_post_title_height":0,"ocean_post_title_bg_overlay":0.5,"ocean_post_title_bg_overlay_color":"","ocean_disable_breadcrumbs":"default","ocean_breadcrumbs_color":"","ocean_breadcrumbs_separator_color":"","ocean_breadcrumbs_links_color":"","ocean_breadcrumbs_links_hover_color":"","ocean_display_footer_widgets":"default","ocean_display_footer_bottom":"default","ocean_custom_footer_template":"0","footnotes":""},"class_list":["post-89","page","type-page","status-publish","hentry","entry"],"_links":{"self":[{"href":"https:\/\/ap.sciencespo-lille.eu\/index.php?rest_route=\/wp\/v2\/pages\/89","targetHints":{"allow":["GET"]}}],"collection":[{"href":"https:\/\/ap.sciencespo-lille.eu\/index.php?rest_route=\/wp\/v2\/pages"}],"about":[{"href":"https:\/\/ap.sciencespo-lille.eu\/index.php?rest_route=\/wp\/v2\/types\/page"}],"author":[{"embeddable":true,"href":"https:\/\/ap.sciencespo-lille.eu\/index.php?rest_route=\/wp\/v2\/users\/1"}],"replies":[{"embeddable":true,"href":"https:\/\/ap.sciencespo-lille.eu\/index.php?rest_route=%2Fwp%2Fv2%2Fcomments&post=89"}],"version-history":[{"count":14,"href":"https:\/\/ap.sciencespo-lille.eu\/index.php?rest_route=\/wp\/v2\/pages\/89\/revisions"}],"predecessor-version":[{"id":945,"href":"https:\/\/ap.sciencespo-lille.eu\/index.php?rest_route=\/wp\/v2\/pages\/89\/revisions\/945"}],"wp:attachment":[{"href":"https:\/\/ap.sciencespo-lille.eu\/index.php?rest_route=%2Fwp%2Fv2%2Fmedia&parent=89"}],"curies":[{"name":"wp","href":"https:\/\/api.w.org\/{rel}","templated":true}]}}