{"id":91,"date":"2020-10-31T17:05:01","date_gmt":"2020-10-31T16:05:01","guid":{"rendered":"http:\/\/ap.sciencespo-lille.eu\/?page_id=91"},"modified":"2023-12-04T12:04:13","modified_gmt":"2023-12-04T11:04:13","slug":"memoire-de-recherche-rapport-dexpertise-et-bachelorarbeit","status":"publish","type":"page","link":"https:\/\/ap.sciencespo-lille.eu\/?page_id=91","title":{"rendered":"M\u00e9moire de recherche, rapport d&rsquo;expertise et Bachelorarbeit (M1)"},"content":{"rendered":"\n<p>La 4<sup>\u00e8me<\/sup>&nbsp;ann\u00e9e de la majeure AP est notamment marqu\u00e9e par la r\u00e9daction d\u2019un m\u00e9moire de recherche, un rapport d\u2019expertise ou une <em>Bachelorarbeit <\/em>(pour les \u00e9tudiantes et les \u00e9tudiants en FIFA).<\/p>\n\n\n\n<p>Voici une liste non exhaustive de m\u00e9moires de recherche et de rapports d\u2019expertise dont les th\u00e9matiques donnent \u00e0 voir la diversit\u00e9 des sujets pouvant \u00eatre abord\u00e9s au sein de la majeure AP.<\/p>\n\n\n\n<div style=\"height:20px\" aria-hidden=\"true\" class=\"wp-block-spacer\"><\/div>\n\n\n\n<h3 class=\"wp-block-heading\">Exemples de m<strong>\u00e9moires de recherche<\/strong> <\/h3>\n\n\n\n<ul class=\"wp-block-list\"><li>LOUETTE Simon, <em>La crise de la COVID-19 et la gestion budg\u00e9taire des finances de l\u2019Etat \u2013 Vers un nouveau mod\u00e8le de gouvernance des finances publiques ?<\/em><\/li><li>JOUET Fleur,\u00a0<em>Quel syndicalisme judiciaire pour une neutralit\u00e9 de la justice ?<\/em><\/li><li>LACROIX Romane ,\u00a0<em>L\u2019Autoroute de la Chaleur : l\u2019affirmation de la M\u00e9tropole Europ\u00e9enne de Lille dans la gouvernance d\u2019un projet climato-\u00e9nerg\u00e9tique<\/em><\/li><li>REVEILLE Manon,\u00a0<em>Le dispositif \u00ab\u00a0vacances apprenantes\u00a0\u00bb : Histoire et actualit\u00e9 des enjeux de continuit\u00e9 \u00e9ducative <\/em><\/li><li>LEMOINE Capucine,<em>\u00a0\u00ab Du sang, de la sueur&#8230; et des lois \u00bb. Une analyse des politiques publiques de lutte contre la radicalisation et le s\u00e9paratisme dans le sport<\/em><\/li><li>NADI Abdesslman,\u00a0<em>Des enjeux de solidarit\u00e9 \u00e0 l&rsquo;int\u00e9r\u00eat pro domo dans l&rsquo;action internationale des r\u00e9gions : le cas de la R\u00e9gion Hauts-de-France<\/em><\/li><li>CRACK Angie,\u00a0<em>Le droit \u00e0 l&rsquo;erreur ou l&rsquo;enjeu de la confiance : \u00e9tude d&rsquo;un nouveau paradigme<\/em><\/li><li>VAQUEZ Quentin,\u00a0<em>Soutenir la parentalit\u00e9 en Martinique : Comment l\u2019Observatoire de la Parentalit\u00e9 de Martinique doit-il se d\u00e9velopper pour apporter une aide efficace aux acteurs du soutien \u00e0 la parentalit\u00e9 ?<\/em><\/li><li>WATHLE Charlotte,<em> Les QAG un texte, un esprit, une pratique Dans une perspective crois\u00e9e France-Qu\u00e9bec<\/em><\/li><li>CARON Juliette,\u00a0<em>La libert\u00e9 de culte \u00e0 l&rsquo;\u00e9preuve de la crise sanitaire du Covid-19 en France et en Belgique<\/em><\/li><li>BOUILLEVART Claire,\u00a0Le Conseil d&rsquo;Etat et la la\u00efcit\u00e9. D\u00e9finition, contours et exigences de la\u00efcit\u00e9 sous le prisme de la jurisprudence du Conseil d&rsquo;Etat<\/li><li>MOHORIC Yanis,\u00a0<em>La doctrine d\u2019intervention de l\u2019\u00c9tat actionnaire fran\u00e7ais depuis 2004<\/em><\/li><li>POIRIER Anne-Charlotte,<em>\u00a0Les politiques publiques d&rsquo;\u00e9galit\u00e9 fran\u00e7aises : \u00e9tude de la d\u00e9concentration de l&rsquo;action publique dans les HDF<\/em><\/li><\/ul>\n\n\n\n<div style=\"height:20px\" aria-hidden=\"true\" class=\"wp-block-spacer\"><\/div>\n\n\n\n<p><\/p>\n\n\n\n<h3 class=\"wp-block-heading\">Exemples de r<strong>apports d&rsquo;expertise<\/strong> (2020)<\/h3>\n\n\n\n<ul class=\"wp-block-list\"><li>AMET GULVIN Alixe, <em>Le pacte de refondation des urgences : d\u00e9clinaison d&rsquo;une politique publique nationale aux urgences du centre hospitalier r\u00e9gional universitaire de Lille et au Samu du Nord<\/em>.<\/li><li>LOUYOT Thomas, <em>La fiscalit\u00e9 environnementale dans les Hauts-de-France. Concilier ambition climatique et \u00e9quit\u00e9 sociale face \u00e0 l&rsquo;absence d&rsquo;autonomie fiscale<\/em>.<\/li><li>MEURISSE Pierre, <em>Une optimisation des politiques culturelles au service de la coh\u00e9sion sociale : l&rsquo;exemple de la ville de Raismes<\/em>.<\/li><li>PLANCQ Mary, <em>Le parlement fran\u00e7ais et les exportations d&rsquo;armes. Un contr\u00f4le introuvable?<\/em><\/li><li>SANIER L\u00e9a, <em>Comment le p\u00f4le du d\u00e9veloppement \u00e9conomique et de l&#8217;emploi de la communaut\u00e9 d&rsquo;agglom\u00e9ration B\u00e9thune-Bruay Artois Lys romane peut am\u00e9liorer l&rsquo;efficacit\u00e9 de sa politique en faveur de l&#8217;emploi ?<\/em><\/li><\/ul>\n\n\n\n<div style=\"height:20px\" aria-hidden=\"true\" class=\"wp-block-spacer\"><\/div>\n\n\n\n<h3 class=\"wp-block-heading\"><strong><em>Bachelorarbeit<\/em><\/strong> (2020)<\/h3>\n\n\n\n<ul class=\"wp-block-list\"><li>MATHOUX Louisa, <em>Rends l&rsquo;argent : Internet Memes als Mittel, um politische Meinungen zu \u00e4u\u00dfern? Der Beispiel der Fillon-Aff\u00e4re<\/em>.<\/li><\/ul>\n\n\n\n<div style=\"height:30px\" aria-hidden=\"true\" class=\"wp-block-spacer\"><\/div>\n\n\n\n<p>Vous pouvez \u00e9galement <a rel=\"noreferrer noopener\" href=\"http:\/\/www.sciencespo-lille.eu\/bibliotheque\/documents-bibiliotheque\" target=\"_blank\"><strong>consulter les archives<\/strong><\/a> des m\u00e9moires de recherche, rapports d&rsquo;expertise et <em>Bachelorarbeiten <\/em>des ann\u00e9es pr\u00e9c\u00e9dentes.<\/p>\n","protected":false},"excerpt":{"rendered":"<p>La 4\u00e8me&nbsp;ann\u00e9e de la majeure AP est notamment marqu\u00e9e par la r\u00e9daction d\u2019un m\u00e9moire de recherche, un rapport d\u2019expertise ou une Bachelorarbeit (pour les \u00e9tudiantes et les \u00e9tudiants en FIFA). Voici une liste non exhaustive de m\u00e9moires de recherche et de rapports d\u2019expertise dont les th\u00e9matiques donnent \u00e0 voir la diversit\u00e9 des sujets pouvant \u00eatre [&hellip;]<\/p>\n","protected":false},"author":1,"featured_media":0,"parent":0,"menu_order":0,"comment_status":"closed","ping_status":"closed","template":"","meta":{"_seopress_robots_primary_cat":"","_seopress_titles_title":"","_seopress_titles_desc":"","_seopress_robots_index":"","ocean_post_layout":"","ocean_both_sidebars_style":"","ocean_both_sidebars_content_width":0,"ocean_both_sidebars_sidebars_width":0,"ocean_sidebar":"0","ocean_second_sidebar":"0","ocean_disable_margins":"enable","ocean_add_body_class":"","ocean_shortcode_before_top_bar":"","ocean_shortcode_after_top_bar":"","ocean_shortcode_before_header":"","ocean_shortcode_after_header":"","ocean_has_shortcode":"","ocean_shortcode_after_title":"","ocean_shortcode_before_footer_widgets":"","ocean_shortcode_after_footer_widgets":"","ocean_shortcode_before_footer_bottom":"","ocean_shortcode_after_footer_bottom":"","ocean_display_top_bar":"default","ocean_display_header":"default","ocean_header_style":"","ocean_center_header_left_menu":"0","ocean_custom_header_template":"0","ocean_custom_logo":0,"ocean_custom_retina_logo":0,"ocean_custom_logo_max_width":0,"ocean_custom_logo_tablet_max_width":0,"ocean_custom_logo_mobile_max_width":0,"ocean_custom_logo_max_height":0,"ocean_custom_logo_tablet_max_height":0,"ocean_custom_logo_mobile_max_height":0,"ocean_header_custom_menu":"0","ocean_menu_typo_font_family":"0","ocean_menu_typo_font_subset":"","ocean_menu_typo_font_size":0,"ocean_menu_typo_font_size_tablet":0,"ocean_menu_typo_font_size_mobile":0,"ocean_menu_typo_font_size_unit":"px","ocean_menu_typo_font_weight":"","ocean_menu_typo_font_weight_tablet":"","ocean_menu_typo_font_weight_mobile":"","ocean_menu_typo_transform":"","ocean_menu_typo_transform_tablet":"","ocean_menu_typo_transform_mobile":"","ocean_menu_typo_line_height":0,"ocean_menu_typo_line_height_tablet":0,"ocean_menu_typo_line_height_mobile":0,"ocean_menu_typo_line_height_unit":"","ocean_menu_typo_spacing":0,"ocean_menu_typo_spacing_tablet":0,"ocean_menu_typo_spacing_mobile":0,"ocean_menu_typo_spacing_unit":"","ocean_menu_link_color":"","ocean_menu_link_color_hover":"","ocean_menu_link_color_active":"","ocean_menu_link_background":"","ocean_menu_link_hover_background":"","ocean_menu_link_active_background":"","ocean_menu_social_links_bg":"","ocean_menu_social_hover_links_bg":"","ocean_menu_social_links_color":"","ocean_menu_social_hover_links_color":"","ocean_disable_title":"default","ocean_disable_heading":"default","ocean_post_title":"","ocean_post_subheading":"","ocean_post_title_style":"","ocean_post_title_background_color":"","ocean_post_title_background":0,"ocean_post_title_bg_image_position":"","ocean_post_title_bg_image_attachment":"","ocean_post_title_bg_image_repeat":"","ocean_post_title_bg_image_size":"","ocean_post_title_height":0,"ocean_post_title_bg_overlay":0.5,"ocean_post_title_bg_overlay_color":"","ocean_disable_breadcrumbs":"default","ocean_breadcrumbs_color":"","ocean_breadcrumbs_separator_color":"","ocean_breadcrumbs_links_color":"","ocean_breadcrumbs_links_hover_color":"","ocean_display_footer_widgets":"default","ocean_display_footer_bottom":"default","ocean_custom_footer_template":"0","footnotes":""},"class_list":["post-91","page","type-page","status-publish","hentry","entry"],"_links":{"self":[{"href":"https:\/\/ap.sciencespo-lille.eu\/index.php?rest_route=\/wp\/v2\/pages\/91","targetHints":{"allow":["GET"]}}],"collection":[{"href":"https:\/\/ap.sciencespo-lille.eu\/index.php?rest_route=\/wp\/v2\/pages"}],"about":[{"href":"https:\/\/ap.sciencespo-lille.eu\/index.php?rest_route=\/wp\/v2\/types\/page"}],"author":[{"embeddable":true,"href":"https:\/\/ap.sciencespo-lille.eu\/index.php?rest_route=\/wp\/v2\/users\/1"}],"replies":[{"embeddable":true,"href":"https:\/\/ap.sciencespo-lille.eu\/index.php?rest_route=%2Fwp%2Fv2%2Fcomments&post=91"}],"version-history":[{"count":32,"href":"https:\/\/ap.sciencespo-lille.eu\/index.php?rest_route=\/wp\/v2\/pages\/91\/revisions"}],"predecessor-version":[{"id":893,"href":"https:\/\/ap.sciencespo-lille.eu\/index.php?rest_route=\/wp\/v2\/pages\/91\/revisions\/893"}],"wp:attachment":[{"href":"https:\/\/ap.sciencespo-lille.eu\/index.php?rest_route=%2Fwp%2Fv2%2Fmedia&parent=91"}],"curies":[{"name":"wp","href":"https:\/\/api.w.org\/{rel}","templated":true}]}}