{"id":97,"date":"2020-10-31T17:12:30","date_gmt":"2020-10-31T16:12:30","guid":{"rendered":"http:\/\/ap.sciencespo-lille.eu\/?page_id=97"},"modified":"2022-02-25T20:51:53","modified_gmt":"2022-02-25T19:51:53","slug":"temoignages-detudiantes-et-detudiants-de-la-majeure-ap","status":"publish","type":"page","link":"https:\/\/ap.sciencespo-lille.eu\/?page_id=97","title":{"rendered":"T\u00e9moignages d&rsquo;\u00e9tudiantes et d&rsquo;\u00e9tudiants de la majeure AP"},"content":{"rendered":"\n<div class=\"wp-block-image\"><figure class=\"aligncenter size-large is-resized\"><img decoding=\"async\" src=\"http:\/\/ap.sciencespo-lille.eu\/wp-content\/uploads\/2020\/12\/Sans-titre-3.png\" alt=\"\" class=\"wp-image-478\" width=\"150\" height=\"150\" srcset=\"https:\/\/ap.sciencespo-lille.eu\/wp-content\/uploads\/2020\/12\/Sans-titre-3.png 500w, https:\/\/ap.sciencespo-lille.eu\/wp-content\/uploads\/2020\/12\/Sans-titre-3-300x300.png 300w, https:\/\/ap.sciencespo-lille.eu\/wp-content\/uploads\/2020\/12\/Sans-titre-3-150x150.png 150w\" sizes=\"(max-width: 150px) 100vw, 150px\" \/><\/figure><\/div>\n\n\n\n<figure class=\"wp-block-embed is-type-rich is-provider-prise-en-charge-des-contenus-embarques wp-block-embed-prise-en-charge-des-contenus-embarques wp-embed-aspect-16-9 wp-has-aspect-ratio\"><div class=\"wp-block-embed__wrapper\">\n<p class=\"responsive-video-wrap clr\"><iframe title=\"Majeure Affaires Publiques\" width=\"1200\" height=\"675\" src=\"https:\/\/www.youtube.com\/embed\/qCUw40IPoyg?feature=oembed\" frameborder=\"0\" allow=\"accelerometer; autoplay; clipboard-write; encrypted-media; gyroscope; picture-in-picture\" allowfullscreen><\/iframe><\/p>\n<\/div><\/figure>\n\n\n\n<div style=\"height:30px\" aria-hidden=\"true\" class=\"wp-block-spacer\"><\/div>\n\n\n\n<hr class=\"wp-block-separator has-text-color has-background is-style-wide\" style=\"background-color:#e6e6e6;color:#e6e6e6\"\/>\n\n\n\n<p style=\"font-size:18px\"><strong><span class=\"has-inline-color has-black-color\">Oc\u00e9an<\/span>e Lefebvre<\/strong>, \u00e9tudiante en fili\u00e8re g\u00e9n\u00e9rale, promotion 2021 (Nina Simone)<\/p>\n\n\n\n<blockquote class=\"wp-block-quote has-text-align-left is-style-default is-layout-flow wp-block-quote-is-layout-flow\"><p><mark style=\"background-color:rgba(0, 0, 0, 0)\" class=\"has-inline-color has-black-color\">\u00ab\u00a0J\u2019avais personnellement un projet professionnel arr\u00eat\u00e9 qui se tournait vers la fonction publique. Ainsi, le choix de la Majeure MAP s\u2019av\u00e9rait \u00eatre une \u00e9vidence, puisqu\u2019il est la <strong>voie royale pour les concours administratifs<\/strong> \u00e0 Sciences Po Lille. Plus g\u00e9n\u00e9ralement, les d\u00e9bouch\u00e9s apr\u00e8s cette Majeure sont nombreux et vari\u00e9s (concours administratifs, contractuel de la fonction publique, avocat, conseiller en cabinet de conseil, etc.). M\u00eame si mon projet professionnel \u00e9tait plus ou moins arr\u00eat\u00e9, il \u00e9tait important pour moi de ne pas se fermer de portes. Enfin, j\u2019ai une app\u00e9tence certaine pour le droit public, et avais envie d\u2019acqu\u00e9rir un socle de connaissances solide dans ce domaine.<\/mark>\u00ab\u00a0<\/p><\/blockquote>\n\n\n\n<blockquote class=\"wp-block-quote has-text-align-left is-layout-flow wp-block-quote-is-layout-flow\"><p>\u00ab\u00a0J\u2019aime beaucoup le fait que notre formation soit \u00e0 la fois <span class=\"has-inline-color has-black-color\">th\u00e9orique et op\u00e9rationnelle<\/span>. Au-del\u00e0 du socle tr\u00e8s th\u00e9orique de connaissances en droit et en politiques publiques acquis, nous sommes amen\u00e9s \u00e0 d\u00e9velopper une approche tr\u00e8s op\u00e9rationnelle, notamment via des <span class=\"has-inline-color has-black-color\">exercices de mises en situation<\/span>. Une grande place est laiss\u00e9e aux praticiens, afin que ces derniers apportent leurs exp\u00e9riences, parfois leurs anecdotes, et leurs regards professionnels sur l\u2019enseignement des notions les plus \u00e9l\u00e9mentaires. Cette formation nous permet ainsi d\u2019envisager de passer les concours \u00e0 la fin de notre scolarit\u00e9, mais \u00e9galement de rentrer imm\u00e9diatement sur le march\u00e9 du travail.\u00a0\u00bb<\/p><\/blockquote>\n\n\n\n<blockquote class=\"wp-block-quote has-text-align-left is-layout-flow wp-block-quote-is-layout-flow\"><p>\u00ab\u00a0Cette formation est enrichissante, intensive et utile \u00e0 tous ceux privil\u00e9giant des <span class=\"has-inline-color has-black-color\">carri\u00e8res dans la fonction publique<\/span> par la voie des concours, la voie contractuelle ou encore dans d\u2019autres domaines relevant des affaires publiques tels que le consulting ou encore les carri\u00e8res d\u2019avocats. Elle m\u2019a personnellement apport\u00e9 un solide socle de connaissances et de comp\u00e9tences en mati\u00e8re d\u2019action publique, pour passer les concours administratifs, mais \u00e9galement pour pr\u00e9parer mon entr\u00e9e dans la vie professionnelle.\u00a0\u00bb<\/p><\/blockquote>\n\n\n\n<hr class=\"wp-block-separator has-text-color has-background is-style-wide\" style=\"background-color:#e6e6e6;color:#e6e6e6\"\/>\n\n\n\n<div style=\"height:30px\" aria-hidden=\"true\" class=\"wp-block-spacer\"><\/div>\n\n\n\n<p class=\"has-black-color has-text-color\" style=\"font-size:18px\"><strong><span class=\"has-inline-color has-black-color\">Emilien Bayet<\/span>te<\/strong>, \u00e9tudiant en fili\u00e8re g\u00e9n\u00e9rale, promotion 2021 (Nina Simone)<\/p>\n\n\n\n<blockquote class=\"wp-block-quote is-layout-flow wp-block-quote-is-layout-flow\"><p>\u00ab\u00a0Depuis la deuxi\u00e8me ann\u00e9e \u00e0 Sciences Po Lille, j\u2019ai entretenu une certaine app\u00e9tence pour le domaine des affaires publiques : le droit administratif, le droit des collectivit\u00e9s territoriales sont des disciplines juridiques qui m\u2019ont rapidement plu. Par cons\u00e9quent, j\u2019ai tent\u00e9 de compenser cette approche th\u00e9orique par la pratique en r\u00e9alisant des <span class=\"has-inline-color has-black-color\">stages en collectivit\u00e9s territoriales, puis en administrations d\u00e9concentr\u00e9es<\/span>. Ces exp\u00e9riences ont ainsi confirm\u00e9 ma volont\u00e9 de devenir haut-fonctionnaire, et ce faisant, d\u2019int\u00e9grer un master d\u2019affaires publiques.&nbsp;Soucieux de me pr\u00e9senter aux concours de la fonction publique, je savais que la majeure \u00ab M\u00e9tiers de l\u2019Action Publique \u00bb \u00e9tait la plus ad\u00e9quate pour ce parcours. C\u2019est ainsi que mon choix d\u2019orientation s\u2019est port\u00e9 sur la majeure MAP.\u00a0\u00bb<\/p><\/blockquote>\n\n\n\n<blockquote class=\"wp-block-quote is-layout-flow wp-block-quote-is-layout-flow\"><p>\u00ab\u00a0La formation propose des enseignements de plus en plus pr\u00e9cis, et professionnalisants, ce qui permet aux \u00e9tudiantes et \u00e9tudiants de se pr\u00e9parer s\u00e9rieusement \u00e0 l\u2019entr\u00e9e dans le monde professionnel, ainsi qu\u2019aux diff\u00e9rents concours possibles \u00e0 la suite de cette formation.\u00a0En outre, les enseignements sont de grande qualit\u00e9, d\u00e9livr\u00e9s par des professionnels tr\u00e8s comp\u00e9tents, et des professeurs reconnus pour leurs travaux et leurs recherches. Cela nous donne des moyens d\u2019apprentissage et d\u2019instruction remarquables.\u00a0Puis, les sujets et th\u00e9matiques trait\u00e9s pendant cette formation sont, pour toute personne int\u00e9ress\u00e9e par le domaine public, passionnants. Nos enseignements nous permettent de <mark style=\"background-color:rgba(0, 0, 0, 0)\" class=\"has-inline-color has-black-color\">mieux cerner la complexit\u00e9 des d\u00e9fis \u00e9conomiques, politiques, sociaux ou environnementaux<\/mark> que nous affrontons aujourd\u2019hui, ce qui est tr\u00e8s enrichissant.\u00a0\u00bb<\/p><\/blockquote>\n\n\n\n<blockquote class=\"wp-block-quote is-layout-flow wp-block-quote-is-layout-flow\"><p>\u00ab\u00a0Globalement, je suis tr\u00e8s satisfait de la formation MAP, et ce \u00e0 cause de plusieurs apports.\u00a0Tout d\u2019abord, par son caract\u00e8re intensif et ses cours denses, la formation permet aux \u00e9tudiantes et \u00e9tudiants d\u2019acqu\u00e9rir une certaine capacit\u00e9 de r\u00e9flexion et de travail. Elle nous force \u00e0 devenir polyvalent dans le domaine public, et organis\u00e9 afin de r\u00e9pondre aux diff\u00e9rents rendus et exigences du cycle master.\u00a0De plus, elle garantit, notamment \u00e0 travers le semestre 3, une approche plus professionnalisante gr\u00e2ce \u00e0 des s\u00e9minaires enseign\u00e9s par des praticiens. A titre d\u2019exemple, plusieurs mises en situation collective, ou gestion de crises sont organis\u00e9es dans le s\u00e9minaire \u00ab Pr\u00e9paration aux concours de la fonction publique territoriale \u00bb. Enfin, par le domaine des affaires publiques qu\u2019elle cherche \u00e0 enseigner, elle pousse les \u00e9tudiantes et \u00e9tudiants \u00e0 demeurer pleinement au courant de l\u2019actualit\u00e9 administrative, et d\u2019une certaine mani\u00e8re du pays. Cette n\u00e9cessit\u00e9 nous permet d\u2019<mark style=\"background-color:rgba(0, 0, 0, 0)\" class=\"has-inline-color has-black-color\">accentuer notre curiosit\u00e9 et de nous nourrir d\u2019un esprit critique ainsi que d\u2019une r\u00e9activit\u00e9 intellectuelle<\/mark>.\u00a0Tous ces apports m\u2019am\u00e8nent aujourd\u2019hui \u00e0 vouloir me pr\u00e9senter aux concours de la fonction publique.\u00a0\u00bb<\/p><\/blockquote>\n\n\n\n<hr class=\"wp-block-separator has-text-color has-background is-style-wide\" style=\"background-color:#e6e6e6;color:#e6e6e6\"\/>\n\n\n\n<div style=\"height:30px\" aria-hidden=\"true\" class=\"wp-block-spacer\"><\/div>\n\n\n\n<p class=\"has-medium-font-size\"><strong>Benjamin Sorez<\/strong>, promotion 2022 (Alan Turing)<\/p>\n\n\n\n<blockquote class=\"wp-block-quote is-layout-flow wp-block-quote-is-layout-flow\"><p>\u00ab\u00a0Je suis rentr\u00e9 \u00e0 Sciences Po Lille dans l\u2019id\u00e9e de devenir magistrat. Puis au fil des rencontres, des enseignements et des opportunit\u00e9s professionnelles que j\u2019ai pu avoir je me suis vite rendu compte que je pr\u00e9f\u00e9rai int\u00e9grer l\u2019administration active, c\u2019est-\u00e0-dire participer \u00e0 la conception et la mise en \u0153uvre des politiques publiques. Les stages que j\u2019ai pu r\u00e9aliser en pr\u00e9fecture et au sein de collectivit\u00e9s territoriales m\u2019ont confort\u00e9 dans mon choix. Je veux servir l\u2019Etat dans les territoires. D\u00e8s ma deuxi\u00e8me ann\u00e9e, j\u2019ai donc pu suivre les enseignements de droit public propos\u00e9s par l\u2019\u00e9cole et lors de ma 3e ann\u00e9e au Canada, j\u2019ai veill\u00e9 \u00e0 suivre des cours en lien avec les affaires publiques. Je souhaite pr\u00e9parer les concours dits \u00ab A+ \u00bb de la fonction publique d\u2019\u00c9tat et de celle territoriale. Je savais qu\u2019int\u00e9grer la majeure Affaires Publiques serait le meilleur moyen de le faire.\u00a0\u00bb<\/p><\/blockquote>\n\n\n\n<blockquote class=\"wp-block-quote is-layout-flow wp-block-quote-is-layout-flow\"><p>\u00ab\u00a0Les enseignements propos\u00e9s en Affaires Publiques sont exigeants mais permettent de construire notre propre parcours professionnel et de nous poser les bonnes questions. Que vous souhaitiez passer les concours de la fonction publique, travailler dans le secteur parapublic, le secteur priv\u00e9 ou exercer un m\u00e9tier li\u00e9 au droit, vous trouverez dans la majeure \u00ab Affaires Publiques \u00bb des cours qui vous plaisent, si vous \u00eates anim\u00e9 par la volont\u00e9 de servir l\u2019int\u00e9r\u00eat g\u00e9n\u00e9ral. Ce que j\u2019appr\u00e9cie particuli\u00e8rement c\u2019est l\u2019aspect pratique de nos enseignements. Il ne nous est plus demand\u00e9 de simplement montrer un savoir th\u00e9orique, il faut utiliser ce savoir pour analyser et r\u00e9agir \u00e0 des situations. On nous apprend \u00e0 comprendre mais aussi g\u00e9rer la complexit\u00e9 qui d\u00e9finit notre monde contemporain.\u00a0\u00bb<\/p><\/blockquote>\n\n\n\n<blockquote class=\"wp-block-quote is-layout-flow wp-block-quote-is-layout-flow\"><p>\u00ab\u00a0Je recommande la formation Affaires Publiques aux \u00e9tudiantes et aux \u00e9tudiants qui envisagent de mettre leurs talents au service de l\u2019int\u00e9r\u00eat g\u00e9n\u00e9ral. La majeure m\u2019apporte des connaissances diverses qui me seront utiles dans le cadre de la pr\u00e9paration des concours administratifs. Elle r\u00e9pondra aux attentes des \u00e9tudiantes et des \u00e9tudiants curieux qui veulent affiner leur esprit critique et int\u00e9ress\u00e9 par la chose publique.\u00a0\u00bb<\/p><\/blockquote>\n\n\n\n<hr class=\"wp-block-separator has-text-color has-background is-style-wide\" style=\"background-color:#e6e6e6;color:#e6e6e6\"\/>\n\n\n\n<div style=\"height:30px\" aria-hidden=\"true\" class=\"wp-block-spacer\"><\/div>\n\n\n\n<p class=\"has-medium-font-size\"><strong>Soraya Idir<\/strong>, promotion 2022 (Alan Turing)<\/p>\n\n\n\n<blockquote class=\"wp-block-quote is-layout-flow wp-block-quote-is-layout-flow\"><p>\u00ab\u00a0Je suis rentr\u00e9e \u00e0 Sciences qu\u2019\u00e0 partir de la 4A (c\u2019est \u00e0 dire la premi\u00e8re ann\u00e9e de master). J\u2019ai choisi la fili\u00e8re Affaires publiques car ce master \u00e9tait dans la continuit\u00e9 de mon parcours initial (licence de droit + M1 de droit public) et correspondait aux attendus de mon projet professionnel (projet de passer les concours de la fonction publique \u00e9tatique).\u00a0\u00bb<\/p><\/blockquote>\n\n\n\n<blockquote class=\"wp-block-quote is-layout-flow wp-block-quote-is-layout-flow\"><p>\u00ab\u00a0Ce qui est int\u00e9ressant dans le master Affaires publiques est le cot\u00e9 pluridisciplinaire des enseignements. On \u00e9tudie aussi bien le droit que l\u2019\u00e9conomie ou encore l\u2019histoire. Il existe tout de m\u00eame un certain int\u00e9r\u00eat dominant pour la mati\u00e8re juridique car cette derni\u00e8re est le fondement global de l\u2019administration. Il existe une diversit\u00e9 de profils qui est tout aussi int\u00e9ressante de conna\u00eetre : les camarades de promo envisagent de multiples carri\u00e8res diverses ce qui permet d\u2019en apprendre de chacun.\u00a0\u00bb<\/p><\/blockquote>\n\n\n\n<blockquote class=\"wp-block-quote is-layout-flow wp-block-quote-is-layout-flow\"><p>\u00ab\u00a0Je recommande le master Affaires publiques \u00e0 tous et toutes qui sont int\u00e9ress\u00e9s par l\u2019administration ou qui sont curieux et souhaitent en conna\u00eetre davantage. Ce master a la chance de convenir \u00e0 de multiples d\u00e9bouch\u00e9s !\u00a0\u00bb<\/p><\/blockquote>\n","protected":false},"excerpt":{"rendered":"<p>Oc\u00e9ane Lefebvre, \u00e9tudiante en fili\u00e8re g\u00e9n\u00e9rale, promotion 2021 (Nina Simone) \u00ab\u00a0J\u2019avais personnellement un projet professionnel arr\u00eat\u00e9 qui se tournait vers la fonction publique. Ainsi, le choix de la Majeure MAP s\u2019av\u00e9rait \u00eatre une \u00e9vidence, puisqu\u2019il est la voie royale pour les concours administratifs \u00e0 Sciences Po Lille. Plus g\u00e9n\u00e9ralement, les d\u00e9bouch\u00e9s apr\u00e8s cette Majeure sont [&hellip;]<\/p>\n","protected":false},"author":1,"featured_media":0,"parent":0,"menu_order":0,"comment_status":"closed","ping_status":"closed","template":"","meta":{"_seopress_robots_primary_cat":"","_seopress_titles_title":"","_seopress_titles_desc":"","_seopress_robots_index":"","ocean_post_layout":"","ocean_both_sidebars_style":"","ocean_both_sidebars_content_width":0,"ocean_both_sidebars_sidebars_width":0,"ocean_sidebar":"0","ocean_second_sidebar":"0","ocean_disable_margins":"enable","ocean_add_body_class":"","ocean_shortcode_before_top_bar":"","ocean_shortcode_after_top_bar":"","ocean_shortcode_before_header":"","ocean_shortcode_after_header":"","ocean_has_shortcode":"","ocean_shortcode_after_title":"","ocean_shortcode_before_footer_widgets":"","ocean_shortcode_after_footer_widgets":"","ocean_shortcode_before_footer_bottom":"","ocean_shortcode_after_footer_bottom":"","ocean_display_top_bar":"default","ocean_display_header":"default","ocean_header_style":"","ocean_center_header_left_menu":"0","ocean_custom_header_template":"0","ocean_custom_logo":0,"ocean_custom_retina_logo":0,"ocean_custom_logo_max_width":0,"ocean_custom_logo_tablet_max_width":0,"ocean_custom_logo_mobile_max_width":0,"ocean_custom_logo_max_height":0,"ocean_custom_logo_tablet_max_height":0,"ocean_custom_logo_mobile_max_height":0,"ocean_header_custom_menu":"0","ocean_menu_typo_font_family":"0","ocean_menu_typo_font_subset":"","ocean_menu_typo_font_size":0,"ocean_menu_typo_font_size_tablet":0,"ocean_menu_typo_font_size_mobile":0,"ocean_menu_typo_font_size_unit":"px","ocean_menu_typo_font_weight":"","ocean_menu_typo_font_weight_tablet":"","ocean_menu_typo_font_weight_mobile":"","ocean_menu_typo_transform":"","ocean_menu_typo_transform_tablet":"","ocean_menu_typo_transform_mobile":"","ocean_menu_typo_line_height":0,"ocean_menu_typo_line_height_tablet":0,"ocean_menu_typo_line_height_mobile":0,"ocean_menu_typo_line_height_unit":"","ocean_menu_typo_spacing":0,"ocean_menu_typo_spacing_tablet":0,"ocean_menu_typo_spacing_mobile":0,"ocean_menu_typo_spacing_unit":"","ocean_menu_link_color":"","ocean_menu_link_color_hover":"","ocean_menu_link_color_active":"","ocean_menu_link_background":"","ocean_menu_link_hover_background":"","ocean_menu_link_active_background":"","ocean_menu_social_links_bg":"","ocean_menu_social_hover_links_bg":"","ocean_menu_social_links_color":"","ocean_menu_social_hover_links_color":"","ocean_disable_title":"default","ocean_disable_heading":"default","ocean_post_title":"","ocean_post_subheading":"","ocean_post_title_style":"","ocean_post_title_background_color":"","ocean_post_title_background":0,"ocean_post_title_bg_image_position":"","ocean_post_title_bg_image_attachment":"","ocean_post_title_bg_image_repeat":"","ocean_post_title_bg_image_size":"","ocean_post_title_height":0,"ocean_post_title_bg_overlay":0.5,"ocean_post_title_bg_overlay_color":"","ocean_disable_breadcrumbs":"default","ocean_breadcrumbs_color":"","ocean_breadcrumbs_separator_color":"","ocean_breadcrumbs_links_color":"","ocean_breadcrumbs_links_hover_color":"","ocean_display_footer_widgets":"default","ocean_display_footer_bottom":"default","ocean_custom_footer_template":"0","footnotes":""},"class_list":["post-97","page","type-page","status-publish","hentry","entry"],"_links":{"self":[{"href":"https:\/\/ap.sciencespo-lille.eu\/index.php?rest_route=\/wp\/v2\/pages\/97","targetHints":{"allow":["GET"]}}],"collection":[{"href":"https:\/\/ap.sciencespo-lille.eu\/index.php?rest_route=\/wp\/v2\/pages"}],"about":[{"href":"https:\/\/ap.sciencespo-lille.eu\/index.php?rest_route=\/wp\/v2\/types\/page"}],"author":[{"embeddable":true,"href":"https:\/\/ap.sciencespo-lille.eu\/index.php?rest_route=\/wp\/v2\/users\/1"}],"replies":[{"embeddable":true,"href":"https:\/\/ap.sciencespo-lille.eu\/index.php?rest_route=%2Fwp%2Fv2%2Fcomments&post=97"}],"version-history":[{"count":27,"href":"https:\/\/ap.sciencespo-lille.eu\/index.php?rest_route=\/wp\/v2\/pages\/97\/revisions"}],"predecessor-version":[{"id":813,"href":"https:\/\/ap.sciencespo-lille.eu\/index.php?rest_route=\/wp\/v2\/pages\/97\/revisions\/813"}],"wp:attachment":[{"href":"https:\/\/ap.sciencespo-lille.eu\/index.php?rest_route=%2Fwp%2Fv2%2Fmedia&parent=97"}],"curies":[{"name":"wp","href":"https:\/\/api.w.org\/{rel}","templated":true}]}}