{"id":99,"date":"2020-10-31T17:13:43","date_gmt":"2020-10-31T16:13:43","guid":{"rendered":"http:\/\/ap.sciencespo-lille.eu\/?page_id=99"},"modified":"2022-03-15T14:43:08","modified_gmt":"2022-03-15T13:43:08","slug":"conferences-organisees-par-la-majeure-ap","status":"publish","type":"page","link":"https:\/\/ap.sciencespo-lille.eu\/?page_id=99","title":{"rendered":"Conf\u00e9rences organis\u00e9es par la majeure AP"},"content":{"rendered":"\n<h2 class=\"wp-block-heading\">Conf\u00e9rences M\u00e9tiers &amp; Carri\u00e8res &#8211; Webinaires<\/h2>\n\n\n\n<p>Chaque semestre, les ambassadeurs et ambassadrices de la majeure AP organisent des <strong>projets<\/strong>, des <strong>conf\u00e9rences <\/strong>et des <strong>ap\u00e9ros professionnels<\/strong> visant \u00e0 pr\u00e9senter les parcours et m\u00e9tiers accessibles apr\u00e8s votre formation \u00e0 Sciences Po Lille. <\/p>\n\n\n\n<p>Au programme : <strong>t\u00e9moignages d&rsquo;alumni<\/strong>, de<strong> professionnels <\/strong>et <strong>professionnelles<\/strong>,<strong> \u00e9changes <\/strong>et <strong>r\u00e9ponses \u00e0 toutes vos questions<\/strong> !<\/p>\n\n\n\n<p>Ces rencontres sont r\u00e9alis\u00e9es en coop\u00e9ration avec les diff\u00e9rents services de Sciences Po Lille, l&rsquo;\u00e9quipe enseignante et l&rsquo;<strong><a rel=\"noreferrer noopener\" href=\"https:\/\/alumni.sciencespo-lille.eu\/\" target=\"_blank\">Association des Alumni<\/a><\/strong>. <\/p>\n\n\n\n<p><\/p>\n\n\n\n<p><strong>Retrouvez les prochaines conf\u00e9rences de la majeure AP<\/strong><\/p>\n\n\n\n<p class=\"has-text-align-center\"><em>Disponible prochainement.<\/em><\/p>\n\n\n\n<hr class=\"wp-block-separator has-text-color has-background is-style-wide\" style=\"background-color:#e6e6e6;color:#e6e6e6\"\/>\n\n\n\n<div style=\"height:30px\" aria-hidden=\"true\" class=\"wp-block-spacer\"><\/div>\n\n\n\n<p><strong>Archives des conf\u00e9rences de la majeure AP<\/strong><\/p>\n\n\n\n<ul class=\"wp-block-list\"><li>\u00ab\u00a0<em>WEBINAIRE &#8211; <a href=\"https:\/\/alumni.sciencespo-lille.eu\/article\/-replay-webinaire-les-metiers-de-la-fonction-publique-territoriale\/12\/02\/2021\/119?fbclid=IwAR1wrQSekiTfgJUljETdf1_7AkLeeKqwFkRIgiZFD6KufQ8qmxAgn4czOv4\" data-type=\"URL\" data-id=\"https:\/\/alumni.sciencespo-lille.eu\/article\/-replay-webinaire-les-metiers-de-la-fonction-publique-territoriale\/12\/02\/2021\/119?fbclid=IwAR1wrQSekiTfgJUljETdf1_7AkLeeKqwFkRIgiZFD6KufQ8qmxAgn4czOv4\" target=\"_blank\" rel=\"noreferrer noopener\">Les m\u00e9tiers de la fonction publique territoriale<\/a><\/em>\u00a0\u00bb (12 f\u00e9vrier 2021)<\/li><li>\u00ab\u00a0<em>WEBINAIRE <\/em>&#8211; <em><a rel=\"noreferrer noopener\" href=\"https:\/\/alumni.sciencespo-lille.eu\/event\/-webinaire-conference-les-metiers-du-secteur-sanitaire-et-social\/2020\/10\/20\/62?fbclid=IwAR3cL6x7_rFwFk1873Sv6_stCFVUnnlQlfIvD0kcyriKkOIzierVHltW8y0\" target=\"_blank\">Travailler dans le secteur sanitaire et social apr\u00e8s Sciences Po<\/a><\/em>\u00a0\u00bb (20 octobre 2020)<\/li><li>\u00ab\u00a0<em>Les m\u00e9tiers de la justice<\/em>\u00a0\u00bb (28 janvier 2020)<\/li><li>\u00ab\u00a0<em>Les m\u00e9tiers du conseil en affaires publiques<\/em>\u00a0\u00bb (26 novembre 2019)<\/li><li>\u00ab\u00a0<em>La fonction publique d&rsquo;Etat<\/em>\u00a0\u00bb (8 octobre 2019)<\/li><\/ul>\n\n\n\n<p><\/p>\n\n\n\n<p><\/p>\n","protected":false},"excerpt":{"rendered":"<p>Conf\u00e9rences M\u00e9tiers &amp; Carri\u00e8res &#8211; Webinaires Chaque semestre, les ambassadeurs et ambassadrices de la majeure AP organisent des projets, des conf\u00e9rences et des ap\u00e9ros professionnels visant \u00e0 pr\u00e9senter les parcours et m\u00e9tiers accessibles apr\u00e8s votre formation \u00e0 Sciences Po Lille. Au programme : t\u00e9moignages d&rsquo;alumni, de professionnels et professionnelles, \u00e9changes et r\u00e9ponses \u00e0 toutes vos [&hellip;]<\/p>\n","protected":false},"author":1,"featured_media":0,"parent":0,"menu_order":0,"comment_status":"closed","ping_status":"closed","template":"","meta":{"_seopress_robots_primary_cat":"","_seopress_titles_title":"","_seopress_titles_desc":"","_seopress_robots_index":"","ocean_post_layout":"","ocean_both_sidebars_style":"","ocean_both_sidebars_content_width":0,"ocean_both_sidebars_sidebars_width":0,"ocean_sidebar":"0","ocean_second_sidebar":"0","ocean_disable_margins":"enable","ocean_add_body_class":"","ocean_shortcode_before_top_bar":"","ocean_shortcode_after_top_bar":"","ocean_shortcode_before_header":"","ocean_shortcode_after_header":"","ocean_has_shortcode":"","ocean_shortcode_after_title":"","ocean_shortcode_before_footer_widgets":"","ocean_shortcode_after_footer_widgets":"","ocean_shortcode_before_footer_bottom":"","ocean_shortcode_after_footer_bottom":"","ocean_display_top_bar":"default","ocean_display_header":"default","ocean_header_style":"","ocean_center_header_left_menu":"0","ocean_custom_header_template":"0","ocean_custom_logo":0,"ocean_custom_retina_logo":0,"ocean_custom_logo_max_width":0,"ocean_custom_logo_tablet_max_width":0,"ocean_custom_logo_mobile_max_width":0,"ocean_custom_logo_max_height":0,"ocean_custom_logo_tablet_max_height":0,"ocean_custom_logo_mobile_max_height":0,"ocean_header_custom_menu":"0","ocean_menu_typo_font_family":"0","ocean_menu_typo_font_subset":"","ocean_menu_typo_font_size":0,"ocean_menu_typo_font_size_tablet":0,"ocean_menu_typo_font_size_mobile":0,"ocean_menu_typo_font_size_unit":"px","ocean_menu_typo_font_weight":"","ocean_menu_typo_font_weight_tablet":"","ocean_menu_typo_font_weight_mobile":"","ocean_menu_typo_transform":"","ocean_menu_typo_transform_tablet":"","ocean_menu_typo_transform_mobile":"","ocean_menu_typo_line_height":0,"ocean_menu_typo_line_height_tablet":0,"ocean_menu_typo_line_height_mobile":0,"ocean_menu_typo_line_height_unit":"","ocean_menu_typo_spacing":0,"ocean_menu_typo_spacing_tablet":0,"ocean_menu_typo_spacing_mobile":0,"ocean_menu_typo_spacing_unit":"","ocean_menu_link_color":"","ocean_menu_link_color_hover":"","ocean_menu_link_color_active":"","ocean_menu_link_background":"","ocean_menu_link_hover_background":"","ocean_menu_link_active_background":"","ocean_menu_social_links_bg":"","ocean_menu_social_hover_links_bg":"","ocean_menu_social_links_color":"","ocean_menu_social_hover_links_color":"","ocean_disable_title":"default","ocean_disable_heading":"default","ocean_post_title":"","ocean_post_subheading":"","ocean_post_title_style":"","ocean_post_title_background_color":"","ocean_post_title_background":0,"ocean_post_title_bg_image_position":"","ocean_post_title_bg_image_attachment":"","ocean_post_title_bg_image_repeat":"","ocean_post_title_bg_image_size":"","ocean_post_title_height":0,"ocean_post_title_bg_overlay":0.5,"ocean_post_title_bg_overlay_color":"","ocean_disable_breadcrumbs":"default","ocean_breadcrumbs_color":"","ocean_breadcrumbs_separator_color":"","ocean_breadcrumbs_links_color":"","ocean_breadcrumbs_links_hover_color":"","ocean_display_footer_widgets":"default","ocean_display_footer_bottom":"default","ocean_custom_footer_template":"0","footnotes":""},"class_list":["post-99","page","type-page","status-publish","hentry","entry"],"_links":{"self":[{"href":"https:\/\/ap.sciencespo-lille.eu\/index.php?rest_route=\/wp\/v2\/pages\/99","targetHints":{"allow":["GET"]}}],"collection":[{"href":"https:\/\/ap.sciencespo-lille.eu\/index.php?rest_route=\/wp\/v2\/pages"}],"about":[{"href":"https:\/\/ap.sciencespo-lille.eu\/index.php?rest_route=\/wp\/v2\/types\/page"}],"author":[{"embeddable":true,"href":"https:\/\/ap.sciencespo-lille.eu\/index.php?rest_route=\/wp\/v2\/users\/1"}],"replies":[{"embeddable":true,"href":"https:\/\/ap.sciencespo-lille.eu\/index.php?rest_route=%2Fwp%2Fv2%2Fcomments&post=99"}],"version-history":[{"count":12,"href":"https:\/\/ap.sciencespo-lille.eu\/index.php?rest_route=\/wp\/v2\/pages\/99\/revisions"}],"predecessor-version":[{"id":828,"href":"https:\/\/ap.sciencespo-lille.eu\/index.php?rest_route=\/wp\/v2\/pages\/99\/revisions\/828"}],"wp:attachment":[{"href":"https:\/\/ap.sciencespo-lille.eu\/index.php?rest_route=%2Fwp%2Fv2%2Fmedia&parent=99"}],"curies":[{"name":"wp","href":"https:\/\/api.w.org\/{rel}","templated":true}]}}